{"id":112,"date":"2025-09-23T16:05:32","date_gmt":"2025-09-23T16:05:32","guid":{"rendered":"https:\/\/magdalenakepkastylistka.pl\/?page_id=112"},"modified":"2025-11-24T00:54:18","modified_gmt":"2025-11-24T00:54:18","slug":"wspolprace-biznesowe","status":"publish","type":"page","link":"https:\/\/magdalenakepkastylistka.pl\/?page_id=112","title":{"rendered":"Wsp\u00f3\u0142prace biznesowe"},"content":{"rendered":"\t\t<div data-elementor-type=\"wp-page\" data-elementor-id=\"112\" class=\"elementor elementor-112\">\n\t\t\t\t<div class=\"elementor-element elementor-element-db5db90 e-flex e-con-boxed e-con e-parent\" data-id=\"db5db90\" data-element_type=\"container\">\n\t\t\t\t\t<div class=\"e-con-inner\">\n\t\t\t\t<div class=\"elementor-element elementor-element-2ff6634 elementor-widget elementor-widget-heading\" data-id=\"2ff6634\" data-element_type=\"widget\" data-widget_type=\"heading.default\">\n\t\t\t\t\t<h2 class=\"elementor-heading-title elementor-size-default\">Warsztaty i szkolenia<\/h2>\t\t\t\t<\/div>\n\t\t\t\t<div class=\"elementor-element elementor-element-346f162 elementor-widget elementor-widget-text-editor\" data-id=\"346f162\" data-element_type=\"widget\" data-widget_type=\"text-editor.default\">\n\t\t\t\t\t\t\t\t\t<p>Uwielbiam prac\u0119 z grup\u0105! To zawsze spotkanie z osobami o r\u00f3\u017cnych osobowo\u015bciach i potencja\u0142ach. To wzajemna wymiana energii i inspiracji.\u00a0\u00a0<\/p><p>Je\u015bli organizujesz szkolenie, warsztat, event czy prelekcj\u0119, gdzie moda, wizerunek, styl, przeplata si\u0119 z rozwojem osobistym, to dobrze trafi\u0142a\u015b\/trafi\u0142e\u015b. W\u0142a\u015bnie tak m\u00f3wi\u0119: do prawdziwej osoby &#8211; nie do kreacji mediowej, praktycznie &#8211; nie idealistycznie, ze \u015bwiadomo\u015bci\u0105 drogi do celu &#8211; nie do realizacji niedo\u015bcignionej doskona\u0142o\u015bci.<\/p><p>\u00a0<\/p><p>\u00a0Mo\u017cesz wybra\u0107 sprawdzony temat, albo w ogromn\u0105 przyjemno\u015bci\u0105 przygotuj\u0119 spotkanie dostosowane do Twoich potrzeb.\u00a0<\/p><ul><li aria-level=\"1\">Jak ubra\u0107 moj\u0105 sylwetk\u0119? Od teoretycznych konkret\u00f3w, do skutecznej praktyki.\u00a0<\/li><li aria-level=\"1\">Odkryj swoje kolory! Analiza kolorystyczna w praktyce.\u00a0<\/li><li aria-level=\"1\">Stw\u00f3rz map\u0119 Twojego stylu. O ws\u0142uchiwaniu si\u0119 w siebie, modowym i nie tylko.\u00a0<\/li><li aria-level=\"1\">Nowoczesny Dress Code, w zgodzie z Tob\u0105. Poznaj zasady, dowiedz si\u0119 jak je stosowa\u0107, a jak je kreatywnie interpretowa\u0107.\u00a0\u00a0<\/li><li aria-level=\"1\">Tw\u00f3j temat &#8211; moja realizacja. Szkolenie, kt\u00f3re projektuj\u0119 i szyj\u0119 na miar\u0119 Twoich potrzeb i oczekiwa\u0144.\u00a0<\/li><\/ul><p>\u00a0<\/p><ul><li aria-level=\"1\">organizujesz wyjazd integracyjny i poszukujesz ciekawego szkolenia? Nie chcesz \u201codgrzewanych szkole\u0144\u201d, zale\u017cy Ci na dobrze zapami\u0119tanym spotkaniu, gdzie merytoryka miesza si\u0119 z humorem?\u00a0\u00a0\u00a0<\/li><li aria-level=\"1\">w twojej firmie\/fundacji odb\u0119dzie si\u0119 wydarzenie dla kobiet i szukasz na ten dzie\u0144 modowych warsztat\u00f3w?<\/li><li aria-level=\"1\">w Twojej firmie obowi\u0105zuje Dress Code? Potrzebujecie aktualizacji wiedzy z tego zakresu, ale tak\u017ce\u00a0 zdobycia praktycznych porad?<\/li><li aria-level=\"1\">zale\u017cy Ci, \u017ceby na Twoim evencie odby\u0142a si\u0119 prelekcja: jako\u015bciowa, energiczna, praktyczna i z humorystycznymi akcentami?<\/li><\/ul><p>\u00a0<\/p><p>Je\u015bli tak, to porozmawiajmy, opowiedz mi co\u015b wi\u0119cej o Twoim wydarzeniu. Jestem gotowa do dzia\u0142ania!<\/p><p>or sit amet, consectetur adipiscing elit. Ut elit tellus, luctus nec ullamcorper mattis, pulvinar dapibus leo.<\/p>\t\t\t\t\t\t\t\t<\/div>\n\t\t\t\t<div class=\"elementor-element elementor-element-cfee8f4 elementor-widget elementor-widget-image\" data-id=\"cfee8f4\" data-element_type=\"widget\" data-widget_type=\"image.default\">\n\t\t\t\t\t\t\t\t\t\t\t\t\t\t\t<img fetchpriority=\"high\" decoding=\"async\" width=\"682\" height=\"1024\" src=\"https:\/\/magdalenakepkastylistka.pl\/wp-content\/uploads\/2025\/09\/social_018-682x1024.jpg\" class=\"attachment-large size-large wp-image-114\" alt=\"\" srcset=\"https:\/\/magdalenakepkastylistka.pl\/wp-content\/uploads\/2025\/09\/social_018-682x1024.jpg 682w, https:\/\/magdalenakepkastylistka.pl\/wp-content\/uploads\/2025\/09\/social_018-200x300.jpg 200w, https:\/\/magdalenakepkastylistka.pl\/wp-content\/uploads\/2025\/09\/social_018-768x1152.jpg 768w, https:\/\/magdalenakepkastylistka.pl\/wp-content\/uploads\/2025\/09\/social_018-1024x1536.jpg 1024w, https:\/\/magdalenakepkastylistka.pl\/wp-content\/uploads\/2025\/09\/social_018.jpg 1333w\" sizes=\"(max-width: 682px) 100vw, 682px\" \/>\t\t\t\t\t\t\t\t\t\t\t\t\t\t\t<\/div>\n\t\t\t\t<div class=\"elementor-element elementor-element-cc56c83 elementor-widget elementor-widget-text-editor\" data-id=\"cc56c83\" data-element_type=\"widget\" data-widget_type=\"text-editor.default\">\n\t\t\t\t\t\t\t\t\t<p><strong>Jak wygl\u0105da wsp\u00f3\u0142praca:<\/strong><\/p><p>Zadzwo\u0144 i opowiedz o Twoim pomy\u015ble. Zapytam Ci\u0119 o charakter wydarzenia, ile os\u00f3b we\u017amie udzia\u0142 w Twoim evencie, jaka tematyka Ci\u0119 interesuje, itp. Zgodnie z Twoimi potrzebami przygotuj\u0119 ofert\u0119 na to wydarzenie, uwzgl\u0119dniaj\u0105c wst\u0119pn\u0105 wycen\u0119. Twoja informacja zwrotna b\u0119dzie dla mnie sygna\u0142em albo do wprowadzenia poprawek, albo zielonym \u015bwiat\u0142em do realizacji. Wszystkie modu\u0142y spotkania dostosowuj\u0119 do Twoich oczekiwa\u0144 i bud\u017cetu. Po ustaleniu ostatecznej wersji ja bior\u0119 si\u0119 do pracy, a Ty mo\u017cesz spokojnie odetchn\u0105\u0107.\u00a0<\/p><p>\u00a0<\/p><p><strong>Co zyskujesz wybieraj\u0105c moje szkolenie\/warsztat\/prelekcj\u0119:<\/strong><\/p><ul><li aria-level=\"1\">uczestnicy Twojego warsztatu, szkolenia, prelekcji b\u0119d\u0105 zadowoleni (bo czy nie o to finalnie chodzi?). Nieskromnie powiem, \u017ce umiem zarz\u0105dza\u0107 procesem i dba\u0107 o dynamik\u0119 w grupie, dlatego z pasj\u0105 przeplatam praktyczn\u0105 wiedz\u0119 z ciekawym sposobem podania.<\/li><li aria-level=\"1\">uczestnicy Twojego szkolenia poczuj\u0105 si\u0119 zaproszeni: do refleksji, do g\u0142\u0119bszego spojrzenia, ale te\u017c do si\u0119gni\u0119cia po zmian\u0119. Lubi\u0119 w moich procesach pokazywa\u0107 r\u00f3\u017cne drogi i zach\u0119ca\u0107 do wyboru swojej. Wiem, \u017ce osoba mog\u0105c dzia\u0142a\u0107 w zgodzie ze sob\u0105 ma wi\u0119cej motywacji i wzmacnia swoj\u0105 sprawczo\u015b\u0107.\u00a0<\/li><li aria-level=\"1\">masz pewno\u015b\u0107, \u017ce wybrany temat szkolenia potraktuj\u0119 szerzej. W mojej filozofii pracy zaczynam od \u015brodka, p\u00f3\u017aniej przechodz\u0119 do zewn\u0105trz. Dlatego zanim o modzie, m\u00f3wi\u0119 o osobie. Ubrania s\u0105 narz\u0119dziem do wyra\u017cania czego\u015b wi\u0119cej.<\/li><li aria-level=\"1\">opr\u00f3cz mody dzia\u0142am\u00a0 improwizacyjnie\u00a0 komediowo, tak\u017ce moje warsztaty\/prelekcje zawsze s\u0105 przyprawione humorem. Bo nie zawsze wszystko musi by\u0107 na serio tak serio.\u00a0\u00a0\u00a0<\/li><\/ul><p>\u00a0<\/p><p>Czas: ustalany indywidualnie<\/p><p>Cena: wycena indywidualna<\/p>\t\t\t\t\t\t\t\t<\/div>\n\t\t\t\t\t<\/div>\n\t\t\t\t<\/div>\n\t\t\t\t<\/div>\n\t\t","protected":false},"excerpt":{"rendered":"<p>Warsztaty i szkolenia Uwielbiam prac\u0119 z grup\u0105! To zawsze spotkanie z osobami o r\u00f3\u017cnych osobowo\u015bciach i potencja\u0142ach. To wzajemna wymiana energii i inspiracji.\u00a0\u00a0 Je\u015bli organizujesz szkolenie, warsztat, event czy prelekcj\u0119, gdzie moda, wizerunek, styl, przeplata si\u0119 z rozwojem osobistym, to dobrze trafi\u0142a\u015b\/trafi\u0142e\u015b. W\u0142a\u015bnie tak m\u00f3wi\u0119: do prawdziwej osoby &#8211; nie &hellip;<\/p>\n","protected":false},"author":1,"featured_media":0,"parent":0,"menu_order":0,"comment_status":"closed","ping_status":"closed","template":"","meta":{"footnotes":""},"class_list":["post-112","page","type-page","status-publish","hentry"],"yoast_head":"<!-- This site is optimized with the Yoast SEO plugin v26.6 - https:\/\/yoast.com\/wordpress\/plugins\/seo\/ -->\n<title>Wsp\u00f3\u0142prace biznesowe - Magdalena K\u0119pka Stylistka<\/title>\n<meta name=\"robots\" content=\"index, follow, max-snippet:-1, max-image-preview:large, max-video-preview:-1\" \/>\n<link rel=\"canonical\" href=\"https:\/\/magdalenakepkastylistka.pl\/?page_id=112\" \/>\n<meta property=\"og:locale\" content=\"pl_PL\" \/>\n<meta property=\"og:type\" content=\"article\" \/>\n<meta property=\"og:title\" content=\"Wsp\u00f3\u0142prace biznesowe - Magdalena K\u0119pka Stylistka\" \/>\n<meta property=\"og:description\" content=\"Warsztaty i szkolenia Uwielbiam prac\u0119 z grup\u0105! To zawsze spotkanie z osobami o r\u00f3\u017cnych osobowo\u015bciach i potencja\u0142ach. To wzajemna wymiana energii i inspiracji.\u00a0\u00a0 Je\u015bli organizujesz szkolenie, warsztat, event czy prelekcj\u0119, gdzie moda, wizerunek, styl, przeplata si\u0119 z rozwojem osobistym, to dobrze trafi\u0142a\u015b\/trafi\u0142e\u015b. W\u0142a\u015bnie tak m\u00f3wi\u0119: do prawdziwej osoby &#8211; nie &hellip;\" \/>\n<meta property=\"og:url\" content=\"https:\/\/magdalenakepkastylistka.pl\/?page_id=112\" \/>\n<meta property=\"og:site_name\" content=\"Magdalena K\u0119pka Stylistka\" \/>\n<meta property=\"article:modified_time\" content=\"2025-11-24T00:54:18+00:00\" \/>\n<meta property=\"og:image\" content=\"https:\/\/magdalenakepkastylistka.pl\/wp-content\/uploads\/2025\/09\/social_018.jpg\" \/>\n\t<meta property=\"og:image:width\" content=\"1333\" \/>\n\t<meta property=\"og:image:height\" content=\"2000\" \/>\n\t<meta property=\"og:image:type\" content=\"image\/jpeg\" \/>\n<meta name=\"twitter:card\" content=\"summary_large_image\" \/>\n<meta name=\"twitter:label1\" content=\"Szacowany czas czytania\" \/>\n\t<meta name=\"twitter:data1\" content=\"3 minuty\" \/>\n<script type=\"application\/ld+json\" class=\"yoast-schema-graph\">{\"@context\":\"https:\/\/schema.org\",\"@graph\":[{\"@type\":\"WebPage\",\"@id\":\"https:\/\/magdalenakepkastylistka.pl\/?page_id=112\",\"url\":\"https:\/\/magdalenakepkastylistka.pl\/?page_id=112\",\"name\":\"Wsp\u00f3\u0142prace biznesowe - Magdalena K\u0119pka Stylistka\",\"isPartOf\":{\"@id\":\"https:\/\/magdalenakepkastylistka.pl\/#website\"},\"primaryImageOfPage\":{\"@id\":\"https:\/\/magdalenakepkastylistka.pl\/?page_id=112#primaryimage\"},\"image\":{\"@id\":\"https:\/\/magdalenakepkastylistka.pl\/?page_id=112#primaryimage\"},\"thumbnailUrl\":\"http:\/\/magdalenakepkastylistka.pl\/wp-content\/uploads\/2025\/09\/social_018-682x1024.jpg\",\"datePublished\":\"2025-09-23T16:05:32+00:00\",\"dateModified\":\"2025-11-24T00:54:18+00:00\",\"breadcrumb\":{\"@id\":\"https:\/\/magdalenakepkastylistka.pl\/?page_id=112#breadcrumb\"},\"inLanguage\":\"pl-PL\",\"potentialAction\":[{\"@type\":\"ReadAction\",\"target\":[\"https:\/\/magdalenakepkastylistka.pl\/?page_id=112\"]}]},{\"@type\":\"ImageObject\",\"inLanguage\":\"pl-PL\",\"@id\":\"https:\/\/magdalenakepkastylistka.pl\/?page_id=112#primaryimage\",\"url\":\"https:\/\/magdalenakepkastylistka.pl\/wp-content\/uploads\/2025\/09\/social_018.jpg\",\"contentUrl\":\"https:\/\/magdalenakepkastylistka.pl\/wp-content\/uploads\/2025\/09\/social_018.jpg\",\"width\":1333,\"height\":2000},{\"@type\":\"BreadcrumbList\",\"@id\":\"https:\/\/magdalenakepkastylistka.pl\/?page_id=112#breadcrumb\",\"itemListElement\":[{\"@type\":\"ListItem\",\"position\":1,\"name\":\"Strona g\u0142\u00f3wna\",\"item\":\"https:\/\/magdalenakepkastylistka.pl\/\"},{\"@type\":\"ListItem\",\"position\":2,\"name\":\"Wsp\u00f3\u0142prace biznesowe\"}]},{\"@type\":\"WebSite\",\"@id\":\"https:\/\/magdalenakepkastylistka.pl\/#website\",\"url\":\"https:\/\/magdalenakepkastylistka.pl\/\",\"name\":\"Magdalena K\u0119pka Stylistka\",\"description\":\"\",\"publisher\":{\"@id\":\"https:\/\/magdalenakepkastylistka.pl\/#organization\"},\"potentialAction\":[{\"@type\":\"SearchAction\",\"target\":{\"@type\":\"EntryPoint\",\"urlTemplate\":\"https:\/\/magdalenakepkastylistka.pl\/?s={search_term_string}\"},\"query-input\":{\"@type\":\"PropertyValueSpecification\",\"valueRequired\":true,\"valueName\":\"search_term_string\"}}],\"inLanguage\":\"pl-PL\"},{\"@type\":\"Organization\",\"@id\":\"https:\/\/magdalenakepkastylistka.pl\/#organization\",\"name\":\"Magdalena K\u0119pka Stylistka\",\"url\":\"https:\/\/magdalenakepkastylistka.pl\/\",\"logo\":{\"@type\":\"ImageObject\",\"inLanguage\":\"pl-PL\",\"@id\":\"https:\/\/magdalenakepkastylistka.pl\/#\/schema\/logo\/image\/\",\"url\":\"https:\/\/magdalenakepkastylistka.pl\/wp-content\/uploads\/2025\/08\/cropped-magda-kepka-logo-mini-transparent-K-biale.png\",\"contentUrl\":\"https:\/\/magdalenakepkastylistka.pl\/wp-content\/uploads\/2025\/08\/cropped-magda-kepka-logo-mini-transparent-K-biale.png\",\"width\":1667,\"height\":626,\"caption\":\"Magdalena K\u0119pka Stylistka\"},\"image\":{\"@id\":\"https:\/\/magdalenakepkastylistka.pl\/#\/schema\/logo\/image\/\"}}]}<\/script>\n<!-- \/ Yoast SEO plugin. -->","yoast_head_json":{"title":"Wsp\u00f3\u0142prace biznesowe - Magdalena K\u0119pka Stylistka","robots":{"index":"index","follow":"follow","max-snippet":"max-snippet:-1","max-image-preview":"max-image-preview:large","max-video-preview":"max-video-preview:-1"},"canonical":"https:\/\/magdalenakepkastylistka.pl\/?page_id=112","og_locale":"pl_PL","og_type":"article","og_title":"Wsp\u00f3\u0142prace biznesowe - Magdalena K\u0119pka Stylistka","og_description":"Warsztaty i szkolenia Uwielbiam prac\u0119 z grup\u0105! To zawsze spotkanie z osobami o r\u00f3\u017cnych osobowo\u015bciach i potencja\u0142ach. To wzajemna wymiana energii i inspiracji.\u00a0\u00a0 Je\u015bli organizujesz szkolenie, warsztat, event czy prelekcj\u0119, gdzie moda, wizerunek, styl, przeplata si\u0119 z rozwojem osobistym, to dobrze trafi\u0142a\u015b\/trafi\u0142e\u015b. W\u0142a\u015bnie tak m\u00f3wi\u0119: do prawdziwej osoby &#8211; nie &hellip;","og_url":"https:\/\/magdalenakepkastylistka.pl\/?page_id=112","og_site_name":"Magdalena K\u0119pka Stylistka","article_modified_time":"2025-11-24T00:54:18+00:00","og_image":[{"width":1333,"height":2000,"url":"https:\/\/magdalenakepkastylistka.pl\/wp-content\/uploads\/2025\/09\/social_018.jpg","type":"image\/jpeg"}],"twitter_card":"summary_large_image","twitter_misc":{"Szacowany czas czytania":"3 minuty"},"schema":{"@context":"https:\/\/schema.org","@graph":[{"@type":"WebPage","@id":"https:\/\/magdalenakepkastylistka.pl\/?page_id=112","url":"https:\/\/magdalenakepkastylistka.pl\/?page_id=112","name":"Wsp\u00f3\u0142prace biznesowe - Magdalena K\u0119pka Stylistka","isPartOf":{"@id":"https:\/\/magdalenakepkastylistka.pl\/#website"},"primaryImageOfPage":{"@id":"https:\/\/magdalenakepkastylistka.pl\/?page_id=112#primaryimage"},"image":{"@id":"https:\/\/magdalenakepkastylistka.pl\/?page_id=112#primaryimage"},"thumbnailUrl":"http:\/\/magdalenakepkastylistka.pl\/wp-content\/uploads\/2025\/09\/social_018-682x1024.jpg","datePublished":"2025-09-23T16:05:32+00:00","dateModified":"2025-11-24T00:54:18+00:00","breadcrumb":{"@id":"https:\/\/magdalenakepkastylistka.pl\/?page_id=112#breadcrumb"},"inLanguage":"pl-PL","potentialAction":[{"@type":"ReadAction","target":["https:\/\/magdalenakepkastylistka.pl\/?page_id=112"]}]},{"@type":"ImageObject","inLanguage":"pl-PL","@id":"https:\/\/magdalenakepkastylistka.pl\/?page_id=112#primaryimage","url":"https:\/\/magdalenakepkastylistka.pl\/wp-content\/uploads\/2025\/09\/social_018.jpg","contentUrl":"https:\/\/magdalenakepkastylistka.pl\/wp-content\/uploads\/2025\/09\/social_018.jpg","width":1333,"height":2000},{"@type":"BreadcrumbList","@id":"https:\/\/magdalenakepkastylistka.pl\/?page_id=112#breadcrumb","itemListElement":[{"@type":"ListItem","position":1,"name":"Strona g\u0142\u00f3wna","item":"https:\/\/magdalenakepkastylistka.pl\/"},{"@type":"ListItem","position":2,"name":"Wsp\u00f3\u0142prace biznesowe"}]},{"@type":"WebSite","@id":"https:\/\/magdalenakepkastylistka.pl\/#website","url":"https:\/\/magdalenakepkastylistka.pl\/","name":"Magdalena K\u0119pka Stylistka","description":"","publisher":{"@id":"https:\/\/magdalenakepkastylistka.pl\/#organization"},"potentialAction":[{"@type":"SearchAction","target":{"@type":"EntryPoint","urlTemplate":"https:\/\/magdalenakepkastylistka.pl\/?s={search_term_string}"},"query-input":{"@type":"PropertyValueSpecification","valueRequired":true,"valueName":"search_term_string"}}],"inLanguage":"pl-PL"},{"@type":"Organization","@id":"https:\/\/magdalenakepkastylistka.pl\/#organization","name":"Magdalena K\u0119pka Stylistka","url":"https:\/\/magdalenakepkastylistka.pl\/","logo":{"@type":"ImageObject","inLanguage":"pl-PL","@id":"https:\/\/magdalenakepkastylistka.pl\/#\/schema\/logo\/image\/","url":"https:\/\/magdalenakepkastylistka.pl\/wp-content\/uploads\/2025\/08\/cropped-magda-kepka-logo-mini-transparent-K-biale.png","contentUrl":"https:\/\/magdalenakepkastylistka.pl\/wp-content\/uploads\/2025\/08\/cropped-magda-kepka-logo-mini-transparent-K-biale.png","width":1667,"height":626,"caption":"Magdalena K\u0119pka Stylistka"},"image":{"@id":"https:\/\/magdalenakepkastylistka.pl\/#\/schema\/logo\/image\/"}}]}},"_links":{"self":[{"href":"https:\/\/magdalenakepkastylistka.pl\/index.php?rest_route=\/wp\/v2\/pages\/112","targetHints":{"allow":["GET"]}}],"collection":[{"href":"https:\/\/magdalenakepkastylistka.pl\/index.php?rest_route=\/wp\/v2\/pages"}],"about":[{"href":"https:\/\/magdalenakepkastylistka.pl\/index.php?rest_route=\/wp\/v2\/types\/page"}],"author":[{"embeddable":true,"href":"https:\/\/magdalenakepkastylistka.pl\/index.php?rest_route=\/wp\/v2\/users\/1"}],"replies":[{"embeddable":true,"href":"https:\/\/magdalenakepkastylistka.pl\/index.php?rest_route=%2Fwp%2Fv2%2Fcomments&post=112"}],"version-history":[{"count":7,"href":"https:\/\/magdalenakepkastylistka.pl\/index.php?rest_route=\/wp\/v2\/pages\/112\/revisions"}],"predecessor-version":[{"id":155,"href":"https:\/\/magdalenakepkastylistka.pl\/index.php?rest_route=\/wp\/v2\/pages\/112\/revisions\/155"}],"wp:attachment":[{"href":"https:\/\/magdalenakepkastylistka.pl\/index.php?rest_route=%2Fwp%2Fv2%2Fmedia&parent=112"}],"curies":[{"name":"wp","href":"https:\/\/api.w.org\/{rel}","templated":true}]}}