{"id":125,"date":"2025-11-23T23:55:12","date_gmt":"2025-11-23T23:55:12","guid":{"rendered":"https:\/\/magdalenakepkastylistka.pl\/?page_id=125"},"modified":"2025-12-21T17:16:20","modified_gmt":"2025-12-21T17:16:20","slug":"o-mnie","status":"publish","type":"page","link":"https:\/\/magdalenakepkastylistka.pl\/?page_id=125","title":{"rendered":"O mnie"},"content":{"rendered":"\t\t<div data-elementor-type=\"wp-page\" data-elementor-id=\"125\" class=\"elementor elementor-125\">\n\t\t\t\t<div class=\"elementor-element elementor-element-1ce6654 e-con-full e-flex e-con e-parent\" data-id=\"1ce6654\" data-element_type=\"container\">\n\t\t<div class=\"elementor-element elementor-element-dc806cb e-con-full e-flex e-con e-child\" data-id=\"dc806cb\" data-element_type=\"container\">\n\t\t\t\t<div class=\"elementor-element elementor-element-2727250 elementor-widget elementor-widget-image\" data-id=\"2727250\" data-element_type=\"widget\" data-widget_type=\"image.default\">\n\t\t\t\t\t\t\t\t\t\t\t\t\t\t\t<img fetchpriority=\"high\" decoding=\"async\" width=\"682\" height=\"1024\" src=\"https:\/\/magdalenakepkastylistka.pl\/wp-content\/uploads\/2025\/09\/social_007-682x1024.jpg\" class=\"attachment-large size-large wp-image-94\" alt=\"\" srcset=\"https:\/\/magdalenakepkastylistka.pl\/wp-content\/uploads\/2025\/09\/social_007-682x1024.jpg 682w, https:\/\/magdalenakepkastylistka.pl\/wp-content\/uploads\/2025\/09\/social_007-200x300.jpg 200w, https:\/\/magdalenakepkastylistka.pl\/wp-content\/uploads\/2025\/09\/social_007-768x1152.jpg 768w, https:\/\/magdalenakepkastylistka.pl\/wp-content\/uploads\/2025\/09\/social_007-1024x1536.jpg 1024w, https:\/\/magdalenakepkastylistka.pl\/wp-content\/uploads\/2025\/09\/social_007.jpg 1333w\" sizes=\"(max-width: 682px) 100vw, 682px\" \/>\t\t\t\t\t\t\t\t\t\t\t\t\t\t\t<\/div>\n\t\t\t\t<\/div>\n\t\t<div class=\"elementor-element elementor-element-d460ba5 e-con-full e-flex e-con e-child\" data-id=\"d460ba5\" data-element_type=\"container\">\n\t\t\t\t<div class=\"elementor-element elementor-element-32bb10a elementor-widget elementor-widget-heading\" data-id=\"32bb10a\" data-element_type=\"widget\" data-widget_type=\"heading.default\">\n\t\t\t\t\t<h2 class=\"elementor-heading-title elementor-size-default\">MAGDALENA K\u0118PKA - OSOBISTA STYLISTKA<\/h2>\t\t\t\t<\/div>\n\t\t\t\t<div class=\"elementor-element elementor-element-fe4f94a elementor-widget elementor-widget-text-editor\" data-id=\"fe4f94a\" data-element_type=\"widget\" data-widget_type=\"text-editor.default\">\n\t\t\t\t\t\t\t\t\t<p><strong>Od kiedy moda?\u00a0<\/strong><\/p><p>\u00a0<\/p><p>Od zawsze.\u00a0<\/p><p>\u00a0<\/p><p>Teraz doprecyzuj\u0119: od dzieci\u0144stwa. Moja babcia Jadzia by\u0142a krawcow\u0105. Jako ma\u0142a dziewczynka podgl\u0105da\u0142am jak tworzy\u0142a niesamowite stroje dla swoich klientek. Wtedy zobaczy\u0142am, \u017ce nowa sukienka mo\u017ce odkrywa\u0107 now\u0105 lub skrywan\u0105 to\u017csamo\u015b\u0107 kobiety. Opr\u00f3cz nowej sp\u00f3dnicy, klientki babci wynosi\u0142y ze sob\u0105 wi\u0119ksz\u0105 pewno\u015b\u0107 siebie i \u015bwiadomo\u015b\u0107, \u017ce wygl\u0105daj\u0105 ol\u015bniewaj\u0105co. W takich okoliczno\u015bciach zrozumia\u0142am, \u017ce ubranie jest wa\u017cne, tak\u017ce na g\u0142\u0119bokim poziomie, i wtedy zakocha\u0142am si\u0119 w modzie.\u00a0<\/p><p>\u00a0<\/p><p><strong>Czy sta\u0142am si\u0119 projektantk\u0105 mody (to by\u0142o jedno z moich marze\u0144 dzieci\u0119cych)?\u00a0<\/strong><\/p><p>\u00a0<\/p><p>Nie.<\/p><p>\u00a0<\/p><p>Natomiast sko\u0144czy\u0142am liceum krawieckie, kt\u00f3re da\u0142o mi podstaw\u0119 czytania ubra\u0144 od podszewki. \u017bycie pokierowa\u0142o mnie inaczej. Zdoby\u0142am ponad 10-letnie do\u015bwiadczenie w pracy trenersko-szkoleniowej w obszarze edukacji kreatywnej. Prowadz\u0105c procesy grupowe zobaczy\u0142am jak niepowtarzalny potencja\u0142 ma ka\u017cdy cz\u0142owiek. Zafascynowa\u0142o mnie to. Bardzo ceni\u0119 sobie mo\u017cliwo\u015b\u0107 spotkania si\u0119 z drugim cz\u0142owiekiem i chc\u0119, \u017ceby moja praca od tego si\u0119 zaczyna\u0142a. Jestem po to, \u017ceby towarzyszy\u0107 i wspiera\u0107 drug\u0105 osob\u0119 w rozwoju, w drodze odkrywania swojej wyj\u0105tkowo\u015bci. Zmieni\u0142am tylko narz\u0119dzia. Dzi\u015b robi\u0119 to w oparciu o ubrania, mod\u0119, kolory i styl. I wtedy dzieje si\u0119 magia, na moich oczach druga osoba rozk\u0142ada skrzyd\u0142a i okazuje si\u0119, \u017ce s\u0105 one kolorowe, unikatowe i daj\u0105 jej moc lata\u0107.\u00a0<\/p><p>\u00a0<\/p><p><strong>Co z do\u015bwiadczeniem?<\/strong><\/p><p>\u00a0<\/p><p>Od ponad pi\u0119ciu lat profesjonalnie pomagam stylistycznie kobietom i m\u0119\u017cczyznom rozwijaj\u0105c swoj\u0105 mark\u0119.\u00a0<\/p><p>Moje do\u015bwiadczenie to splot dw\u00f3ch nurt\u00f3w. Do\u015bwiadczenie zdobywane w salach szkoleniowych nauczy\u0142o mnie, \u017ce indywidualne podej\u015bcie nie ma sobie r\u00f3wnych. Ka\u017cdy z nas jest niesamowit\u0105 uk\u0142adank\u0105 niuans\u00f3w i detali. W mi\u0119dzyczasie robi\u0142am r\u00f3\u017cne kursy dla stylistek i kolorystek, traktuj\u0105c to jako moja pasja, kt\u00f3ra po czasie przerodzi\u0142a si\u0119 w prac\u0119 z pasj\u0105.\u00a0<\/p><p>\u00a0<\/p><p><strong>Jak pracuj\u0119?<\/strong><\/p><p>\u00a0<\/p><p>Na co dzie\u0144 robi\u0119 przegl\u0105dy szaf, chodz\u0119 z klientkami i klientami na zakupy, przeprowadzam analizy kolorystyczne, przygotowuj\u0119 sesje zdj\u0119ciowe wizerunkowe, czy prowadz\u0119 szkolenia modowo-rozwojowe. Pomagam odnale\u017a\u0107 spos\u00f3b ubierania si\u0119, kt\u00f3ry b\u0119dzie dopasowany do danej osoby, do jej potrzeb, pracy oraz stylu \u017cycia. Czasem tworz\u0119 gotowe stylizacje, kt\u00f3re daj\u0105 spok\u00f3j wizerunkowy, czasem pomagam w stylowej zmianie, gdy kto\u015b si\u0119 pogubi\u0142 modowo lub zosta\u0142 w starych schematach, a czasem zapraszam do eksperyment\u00f3w stylowych, s\u0105 takie etapy w \u017cyciu, \u017ce si\u0119 ich po prostu chce. To czego ucz\u0119, to us\u0142yszenia siebie i wyra\u017cenia tego za pomoc\u0105 ubra\u0144. Nie przebieram kogo\u015b w swoj\u0105 stylistyczn\u0105 wizj\u0119, a ubieram. Ubieram w\u0142a\u015bnie Ciebie.\u00a0<\/p><p>\u00a0<\/p><p><strong>Co mnie wyr\u00f3\u017cnia?<\/strong><\/p><p>\u00a0<\/p><p>Po kolei:<\/p><p>\u00a0<\/p><p>Mod\u0119 zaczynam od \u015brodka, od danej osoby, a dopiero p\u00f3\u017aniej idziemy do zewn\u0119trznej cz\u0119\u015bci, do odpowiednich ubra\u0144. To w\u0142a\u015bnie za mo\u017cliwo\u015b\u0107 pracy blisko Ciebie wewn\u0119trznie i zewn\u0119trznie kocham to co robi\u0119!<\/p><p>Wiedza zar\u00f3wno teoretyczna, jak i praktyczna z zakresu materia\u0142oznawstwa, projektowania ubioru, pracy z r\u00f3\u017cnymi typami sylwetek oraz typami kolorystycznymi, to podstawa mojej marki.\u00a0<\/p><p>Moj\u0105 kropk\u0105 na \u201ci\u201d jest u\u015bmiech i poczucie humoru! Daleko mi do tworzenia dystansu, ale to ju\u017c pewnie czujesz.\u00a0<\/p><p>Na koniec wyr\u00f3\u017cnia mnie to, \u017ce jestem stylistk\u0105 plus size. To znaczy, \u017ce rozumiem moje klientki i klient\u00f3w, to znaczy \u017ce sama przetestowa\u0142am mn\u00f3stwo rozwi\u0105za\u0144 modowych na sobie, to znaczy, \u017ce znam nie tylko teori\u0119, ale te\u017c jestem autentycznie praktykuj\u0105c\u0105 mod\u0119 kobiet\u0105. Jestem tak\u0105 stylistk\u0105, jak\u0105 sama chcia\u0142abym mie\u0107. Je\u015bli to czujesz, to jestem te\u017c dla Ciebie.<\/p><p>\u00a0<\/p><p><strong>A prywatnie?<\/strong><\/p><p>\u00a0<\/p><p>Jestem \u017con\u0105 Tomka i mam\u0105 Janka. W tych rolach zar\u00f3wno si\u0119 spe\u0142niam, jak i du\u017co ucz\u0119.\u00a0<\/p><p>\u00a0<\/p><p><strong>Hobby?<\/strong><\/p><p>\u00a0<\/p><p>Po modzie moim najwi\u0119kszym hobby jest improwizacja teatralna. Wyst\u0119puj\u0119 w Impro Teatrze Bezczelnym, a to kolejne pole dla rozwoju mojej wyobra\u017ani, poczucia humoru i kreatywno\u015bci.\u00a0<\/p><p>\u00a0<\/p><p><strong>Ulubiony kolor?<\/strong><\/p><p>\u00a0<\/p><p>Orchidea, w sumie wszystkie odcienie r\u00f3\u017cu. No i biele (cho\u0107 co jaki\u015b czas mi si\u0119 zmienia\u2026)<\/p><p>\u00a0<\/p><p><strong>Ulubiona cz\u0119\u015b\u0107 garderoby?<\/strong><\/p><p>\u00a0<\/p><p>Marynarki, szczeg\u00f3lnie te z szerokimi wy\u0142ogami ko\u0142nierza.\u00a0<\/p>\t\t\t\t\t\t\t\t<\/div>\n\t\t\t\t<\/div>\n\t\t\t\t<\/div>\n\t\t\t\t<\/div>\n\t\t","protected":false},"excerpt":{"rendered":"<p>MAGDALENA K\u0118PKA &#8211; OSOBISTA STYLISTKA Od kiedy moda?\u00a0 \u00a0 Od zawsze.\u00a0 \u00a0 Teraz doprecyzuj\u0119: od dzieci\u0144stwa. Moja babcia Jadzia by\u0142a krawcow\u0105. Jako ma\u0142a dziewczynka podgl\u0105da\u0142am jak tworzy\u0142a niesamowite stroje dla swoich klientek. Wtedy zobaczy\u0142am, \u017ce nowa sukienka mo\u017ce odkrywa\u0107 now\u0105 lub skrywan\u0105 to\u017csamo\u015b\u0107 kobiety. Opr\u00f3cz nowej sp\u00f3dnicy, klientki babci wynosi\u0142y &hellip;<\/p>\n","protected":false},"author":1,"featured_media":0,"parent":0,"menu_order":0,"comment_status":"closed","ping_status":"closed","template":"elementor_header_footer","meta":{"footnotes":""},"class_list":["post-125","page","type-page","status-publish","hentry"],"yoast_head":"<!-- This site is optimized with the Yoast SEO plugin v26.6 - https:\/\/yoast.com\/wordpress\/plugins\/seo\/ -->\n<title>O mnie - Magdalena K\u0119pka Stylistka<\/title>\n<meta name=\"description\" content=\"Sk\u0105d u mnie zami\u0142owanie do mody i czemu wybra\u0142am zaw\u00f3d stylistki? Jak pomagam od\u015bwie\u017cy\u0107 szaf\u0119 i doradzi\u0107 w znalezieniu w\u0142asnego stylu?\" \/>\n<meta name=\"robots\" content=\"index, follow, max-snippet:-1, max-image-preview:large, max-video-preview:-1\" \/>\n<link rel=\"canonical\" href=\"https:\/\/magdalenakepkastylistka.pl\/?page_id=125\" \/>\n<meta property=\"og:locale\" content=\"pl_PL\" \/>\n<meta property=\"og:type\" content=\"article\" \/>\n<meta property=\"og:title\" content=\"O mnie - Magdalena K\u0119pka Stylistka\" \/>\n<meta property=\"og:description\" content=\"Sk\u0105d u mnie zami\u0142owanie do mody i czemu wybra\u0142am zaw\u00f3d stylistki? Jak pomagam od\u015bwie\u017cy\u0107 szaf\u0119 i doradzi\u0107 w znalezieniu w\u0142asnego stylu?\" \/>\n<meta property=\"og:url\" content=\"https:\/\/magdalenakepkastylistka.pl\/?page_id=125\" \/>\n<meta property=\"og:site_name\" content=\"Magdalena K\u0119pka Stylistka\" \/>\n<meta property=\"article:modified_time\" content=\"2025-12-21T17:16:20+00:00\" \/>\n<meta property=\"og:image\" content=\"https:\/\/magdalenakepkastylistka.pl\/wp-content\/uploads\/2025\/09\/social_007.jpg\" \/>\n\t<meta property=\"og:image:width\" content=\"1333\" \/>\n\t<meta property=\"og:image:height\" content=\"2000\" \/>\n\t<meta property=\"og:image:type\" content=\"image\/jpeg\" \/>\n<meta name=\"twitter:card\" content=\"summary_large_image\" \/>\n<meta name=\"twitter:label1\" content=\"Szacowany czas czytania\" \/>\n\t<meta name=\"twitter:data1\" content=\"4 minuty\" \/>\n<script type=\"application\/ld+json\" class=\"yoast-schema-graph\">{\"@context\":\"https:\/\/schema.org\",\"@graph\":[{\"@type\":\"WebPage\",\"@id\":\"https:\/\/magdalenakepkastylistka.pl\/?page_id=125\",\"url\":\"https:\/\/magdalenakepkastylistka.pl\/?page_id=125\",\"name\":\"O mnie - Magdalena K\u0119pka Stylistka\",\"isPartOf\":{\"@id\":\"https:\/\/magdalenakepkastylistka.pl\/#website\"},\"primaryImageOfPage\":{\"@id\":\"https:\/\/magdalenakepkastylistka.pl\/?page_id=125#primaryimage\"},\"image\":{\"@id\":\"https:\/\/magdalenakepkastylistka.pl\/?page_id=125#primaryimage\"},\"thumbnailUrl\":\"http:\/\/magdalenakepkastylistka.pl\/wp-content\/uploads\/2025\/09\/social_007-682x1024.jpg\",\"datePublished\":\"2025-11-23T23:55:12+00:00\",\"dateModified\":\"2025-12-21T17:16:20+00:00\",\"description\":\"Sk\u0105d u mnie zami\u0142owanie do mody i czemu wybra\u0142am zaw\u00f3d stylistki? Jak pomagam od\u015bwie\u017cy\u0107 szaf\u0119 i doradzi\u0107 w znalezieniu w\u0142asnego stylu?\",\"breadcrumb\":{\"@id\":\"https:\/\/magdalenakepkastylistka.pl\/?page_id=125#breadcrumb\"},\"inLanguage\":\"pl-PL\",\"potentialAction\":[{\"@type\":\"ReadAction\",\"target\":[\"https:\/\/magdalenakepkastylistka.pl\/?page_id=125\"]}]},{\"@type\":\"ImageObject\",\"inLanguage\":\"pl-PL\",\"@id\":\"https:\/\/magdalenakepkastylistka.pl\/?page_id=125#primaryimage\",\"url\":\"https:\/\/magdalenakepkastylistka.pl\/wp-content\/uploads\/2025\/09\/social_007.jpg\",\"contentUrl\":\"https:\/\/magdalenakepkastylistka.pl\/wp-content\/uploads\/2025\/09\/social_007.jpg\",\"width\":1333,\"height\":2000},{\"@type\":\"BreadcrumbList\",\"@id\":\"https:\/\/magdalenakepkastylistka.pl\/?page_id=125#breadcrumb\",\"itemListElement\":[{\"@type\":\"ListItem\",\"position\":1,\"name\":\"Strona g\u0142\u00f3wna\",\"item\":\"https:\/\/magdalenakepkastylistka.pl\/\"},{\"@type\":\"ListItem\",\"position\":2,\"name\":\"O mnie\"}]},{\"@type\":\"WebSite\",\"@id\":\"https:\/\/magdalenakepkastylistka.pl\/#website\",\"url\":\"https:\/\/magdalenakepkastylistka.pl\/\",\"name\":\"Magdalena K\u0119pka Stylistka\",\"description\":\"\",\"publisher\":{\"@id\":\"https:\/\/magdalenakepkastylistka.pl\/#organization\"},\"potentialAction\":[{\"@type\":\"SearchAction\",\"target\":{\"@type\":\"EntryPoint\",\"urlTemplate\":\"https:\/\/magdalenakepkastylistka.pl\/?s={search_term_string}\"},\"query-input\":{\"@type\":\"PropertyValueSpecification\",\"valueRequired\":true,\"valueName\":\"search_term_string\"}}],\"inLanguage\":\"pl-PL\"},{\"@type\":\"Organization\",\"@id\":\"https:\/\/magdalenakepkastylistka.pl\/#organization\",\"name\":\"Magdalena K\u0119pka Stylistka\",\"url\":\"https:\/\/magdalenakepkastylistka.pl\/\",\"logo\":{\"@type\":\"ImageObject\",\"inLanguage\":\"pl-PL\",\"@id\":\"https:\/\/magdalenakepkastylistka.pl\/#\/schema\/logo\/image\/\",\"url\":\"https:\/\/magdalenakepkastylistka.pl\/wp-content\/uploads\/2025\/08\/cropped-magda-kepka-logo-mini-transparent-K-biale.png\",\"contentUrl\":\"https:\/\/magdalenakepkastylistka.pl\/wp-content\/uploads\/2025\/08\/cropped-magda-kepka-logo-mini-transparent-K-biale.png\",\"width\":1667,\"height\":626,\"caption\":\"Magdalena K\u0119pka Stylistka\"},\"image\":{\"@id\":\"https:\/\/magdalenakepkastylistka.pl\/#\/schema\/logo\/image\/\"}}]}<\/script>\n<!-- \/ Yoast SEO plugin. -->","yoast_head_json":{"title":"O mnie - Magdalena K\u0119pka Stylistka","description":"Sk\u0105d u mnie zami\u0142owanie do mody i czemu wybra\u0142am zaw\u00f3d stylistki? Jak pomagam od\u015bwie\u017cy\u0107 szaf\u0119 i doradzi\u0107 w znalezieniu w\u0142asnego stylu?","robots":{"index":"index","follow":"follow","max-snippet":"max-snippet:-1","max-image-preview":"max-image-preview:large","max-video-preview":"max-video-preview:-1"},"canonical":"https:\/\/magdalenakepkastylistka.pl\/?page_id=125","og_locale":"pl_PL","og_type":"article","og_title":"O mnie - Magdalena K\u0119pka Stylistka","og_description":"Sk\u0105d u mnie zami\u0142owanie do mody i czemu wybra\u0142am zaw\u00f3d stylistki? Jak pomagam od\u015bwie\u017cy\u0107 szaf\u0119 i doradzi\u0107 w znalezieniu w\u0142asnego stylu?","og_url":"https:\/\/magdalenakepkastylistka.pl\/?page_id=125","og_site_name":"Magdalena K\u0119pka Stylistka","article_modified_time":"2025-12-21T17:16:20+00:00","og_image":[{"width":1333,"height":2000,"url":"https:\/\/magdalenakepkastylistka.pl\/wp-content\/uploads\/2025\/09\/social_007.jpg","type":"image\/jpeg"}],"twitter_card":"summary_large_image","twitter_misc":{"Szacowany czas czytania":"4 minuty"},"schema":{"@context":"https:\/\/schema.org","@graph":[{"@type":"WebPage","@id":"https:\/\/magdalenakepkastylistka.pl\/?page_id=125","url":"https:\/\/magdalenakepkastylistka.pl\/?page_id=125","name":"O mnie - Magdalena K\u0119pka Stylistka","isPartOf":{"@id":"https:\/\/magdalenakepkastylistka.pl\/#website"},"primaryImageOfPage":{"@id":"https:\/\/magdalenakepkastylistka.pl\/?page_id=125#primaryimage"},"image":{"@id":"https:\/\/magdalenakepkastylistka.pl\/?page_id=125#primaryimage"},"thumbnailUrl":"http:\/\/magdalenakepkastylistka.pl\/wp-content\/uploads\/2025\/09\/social_007-682x1024.jpg","datePublished":"2025-11-23T23:55:12+00:00","dateModified":"2025-12-21T17:16:20+00:00","description":"Sk\u0105d u mnie zami\u0142owanie do mody i czemu wybra\u0142am zaw\u00f3d stylistki? Jak pomagam od\u015bwie\u017cy\u0107 szaf\u0119 i doradzi\u0107 w znalezieniu w\u0142asnego stylu?","breadcrumb":{"@id":"https:\/\/magdalenakepkastylistka.pl\/?page_id=125#breadcrumb"},"inLanguage":"pl-PL","potentialAction":[{"@type":"ReadAction","target":["https:\/\/magdalenakepkastylistka.pl\/?page_id=125"]}]},{"@type":"ImageObject","inLanguage":"pl-PL","@id":"https:\/\/magdalenakepkastylistka.pl\/?page_id=125#primaryimage","url":"https:\/\/magdalenakepkastylistka.pl\/wp-content\/uploads\/2025\/09\/social_007.jpg","contentUrl":"https:\/\/magdalenakepkastylistka.pl\/wp-content\/uploads\/2025\/09\/social_007.jpg","width":1333,"height":2000},{"@type":"BreadcrumbList","@id":"https:\/\/magdalenakepkastylistka.pl\/?page_id=125#breadcrumb","itemListElement":[{"@type":"ListItem","position":1,"name":"Strona g\u0142\u00f3wna","item":"https:\/\/magdalenakepkastylistka.pl\/"},{"@type":"ListItem","position":2,"name":"O mnie"}]},{"@type":"WebSite","@id":"https:\/\/magdalenakepkastylistka.pl\/#website","url":"https:\/\/magdalenakepkastylistka.pl\/","name":"Magdalena K\u0119pka Stylistka","description":"","publisher":{"@id":"https:\/\/magdalenakepkastylistka.pl\/#organization"},"potentialAction":[{"@type":"SearchAction","target":{"@type":"EntryPoint","urlTemplate":"https:\/\/magdalenakepkastylistka.pl\/?s={search_term_string}"},"query-input":{"@type":"PropertyValueSpecification","valueRequired":true,"valueName":"search_term_string"}}],"inLanguage":"pl-PL"},{"@type":"Organization","@id":"https:\/\/magdalenakepkastylistka.pl\/#organization","name":"Magdalena K\u0119pka Stylistka","url":"https:\/\/magdalenakepkastylistka.pl\/","logo":{"@type":"ImageObject","inLanguage":"pl-PL","@id":"https:\/\/magdalenakepkastylistka.pl\/#\/schema\/logo\/image\/","url":"https:\/\/magdalenakepkastylistka.pl\/wp-content\/uploads\/2025\/08\/cropped-magda-kepka-logo-mini-transparent-K-biale.png","contentUrl":"https:\/\/magdalenakepkastylistka.pl\/wp-content\/uploads\/2025\/08\/cropped-magda-kepka-logo-mini-transparent-K-biale.png","width":1667,"height":626,"caption":"Magdalena K\u0119pka Stylistka"},"image":{"@id":"https:\/\/magdalenakepkastylistka.pl\/#\/schema\/logo\/image\/"}}]}},"_links":{"self":[{"href":"https:\/\/magdalenakepkastylistka.pl\/index.php?rest_route=\/wp\/v2\/pages\/125","targetHints":{"allow":["GET"]}}],"collection":[{"href":"https:\/\/magdalenakepkastylistka.pl\/index.php?rest_route=\/wp\/v2\/pages"}],"about":[{"href":"https:\/\/magdalenakepkastylistka.pl\/index.php?rest_route=\/wp\/v2\/types\/page"}],"author":[{"embeddable":true,"href":"https:\/\/magdalenakepkastylistka.pl\/index.php?rest_route=\/wp\/v2\/users\/1"}],"replies":[{"embeddable":true,"href":"https:\/\/magdalenakepkastylistka.pl\/index.php?rest_route=%2Fwp%2Fv2%2Fcomments&post=125"}],"version-history":[{"count":13,"href":"https:\/\/magdalenakepkastylistka.pl\/index.php?rest_route=\/wp\/v2\/pages\/125\/revisions"}],"predecessor-version":[{"id":264,"href":"https:\/\/magdalenakepkastylistka.pl\/index.php?rest_route=\/wp\/v2\/pages\/125\/revisions\/264"}],"wp:attachment":[{"href":"https:\/\/magdalenakepkastylistka.pl\/index.php?rest_route=%2Fwp%2Fv2%2Fmedia&parent=125"}],"curies":[{"name":"wp","href":"https:\/\/api.w.org\/{rel}","templated":true}]}}